{"id":665,"date":"2023-02-20T13:16:09","date_gmt":"2023-02-20T13:16:09","guid":{"rendered":"https:\/\/www.buerokrausser.de\/vereidigte-uebersetzung-und-beratung-zu-buerokratischen-prozessen\/"},"modified":"2025-06-11T10:18:06","modified_gmt":"2025-06-11T10:18:06","slug":"vereidigte-uebersetzung-und-beratung-zu-buerokratischen-prozessen","status":"publish","type":"page","link":"https:\/\/www.buerokrausser.de\/de\/vereidigte-uebersetzung-und-beratung-zu-buerokratischen-prozessen\/","title":{"rendered":"Vereidigte \u00dcbersetzung und Beratung zu b\u00fcrokratischen Prozessen"},"content":{"rendered":"\t\t<div data-elementor-type=\"wp-page\" data-elementor-id=\"665\" class=\"elementor elementor-665 elementor-39\" data-elementor-post-type=\"page\">\n\t\t\t\t\t\t<section class=\"elementor-section elementor-top-section elementor-element elementor-element-60e0b85 elementor-reverse-mobile elementor-section-boxed elementor-section-height-default elementor-section-height-default\" data-id=\"60e0b85\" data-element_type=\"section\">\n\t\t\t\t\t\t<div class=\"elementor-container elementor-column-gap-default\">\n\t\t\t\t\t<div class=\"elementor-column elementor-col-50 elementor-top-column elementor-element elementor-element-a4975f9 animated-slow elementor-invisible\" data-id=\"a4975f9\" data-element_type=\"column\" data-settings=\"{&quot;animation&quot;:&quot;fadeInUp&quot;}\">\n\t\t\t<div class=\"elementor-widget-wrap elementor-element-populated\">\n\t\t\t\t\t\t<div class=\"elementor-element elementor-element-34cd87c elementor-widget elementor-widget-heading\" data-id=\"34cd87c\" data-element_type=\"widget\" data-widget_type=\"heading.default\">\n\t\t\t\t<div class=\"elementor-widget-container\">\n\t\t\t\t\t<h2 class=\"elementor-heading-title elementor-size-default\">Vereidigte \u00dcbersetzung und Beratung zu b\u00fcrokratischen Prozessen<\/h2>\t\t\t\t<\/div>\n\t\t\t\t<\/div>\n\t\t\t\t<div class=\"elementor-element elementor-element-78367a7 elementor-widget elementor-widget-text-editor\" data-id=\"78367a7\" data-element_type=\"widget\" data-widget_type=\"text-editor.default\">\n\t\t\t\t<div class=\"elementor-widget-container\">\n\t\t\t\t\t\t\t\t\t<p>Seit vielen Jahren bieten wir vereidigte \u00dcbersetzungsdienste in vielen Sprachen und Dialekten an.<br \/>Wir bedienen private und institutionelle Kunden in den Bereichen Medizin, Justiz, Industrie und Wirtschaft mit Vertrauen, Erfahrung und Qualit\u00e4tsstandards.<br \/>Mit jahrelanger Erfahrung begleiten wir Unternehmen bei der Planung und Umsetzung b\u00fcrokratischer Prozesse im laufenden Betrieb.<br \/>Zudem bieten wir auch vereidigte T\u00fcrkisch-Deutsch-\u00dcbersetzungen an.<\/p>\n\t\t\t\t\t\t\t\t<\/div>\n\t\t\t\t<\/div>\n\t\t\t\t\t<\/div>\n\t\t<\/div>\n\t\t\t\t<div class=\"elementor-column elementor-col-50 elementor-top-column elementor-element elementor-element-b97e8fe animated-slow elementor-invisible\" data-id=\"b97e8fe\" data-element_type=\"column\" data-settings=\"{&quot;background_background&quot;:&quot;classic&quot;,&quot;animation&quot;:&quot;fadeInDown&quot;}\">\n\t\t\t<div class=\"elementor-widget-wrap elementor-element-populated\">\n\t\t\t\t\t\t<div class=\"elementor-element elementor-element-eb79d45 elementor-widget elementor-widget-spacer\" data-id=\"eb79d45\" data-element_type=\"widget\" data-widget_type=\"spacer.default\">\n\t\t\t\t<div class=\"elementor-widget-container\">\n\t\t\t\t\t\t\t<div class=\"elementor-spacer\">\n\t\t\t<div class=\"elementor-spacer-inner\"><\/div>\n\t\t<\/div>\n\t\t\t\t\t\t<\/div>\n\t\t\t\t<\/div>\n\t\t\t\t\t<\/div>\n\t\t<\/div>\n\t\t\t\t\t<\/div>\n\t\t<\/section>\n\t\t\t\t<\/div>\n\t\t","protected":false},"excerpt":{"rendered":"<p>Seit vielen Jahren bieten wir vereidigte \u00dcbersetzungsdienste in vielen Sprachen und Dialekten an.Wir bedienen private und institutionelle Kunden in den Bereichen Medizin, Justiz, Industrie und Wirtschaft mit Vertrauen, Erfahrung und Qualit\u00e4tsstandards.Mit jahrelanger Erfahrung begleiten wir Unternehmen bei der Planung und Umsetzung b\u00fcrokratischer Prozesse im laufenden Betrieb.Zudem bieten wir auch vereidigte T\u00fcrkisch-Deutsch-\u00dcbersetzungen an.<\/p>\n","protected":false},"author":1,"featured_media":477,"parent":0,"menu_order":0,"comment_status":"closed","ping_status":"closed","template":"","meta":{"footnotes":""},"class_list":["post-665","page","type-page","status-publish","has-post-thumbnail","hentry"],"_links":{"self":[{"href":"https:\/\/www.buerokrausser.de\/de\/wp-json\/wp\/v2\/pages\/665","targetHints":{"allow":["GET"]}}],"collection":[{"href":"https:\/\/www.buerokrausser.de\/de\/wp-json\/wp\/v2\/pages"}],"about":[{"href":"https:\/\/www.buerokrausser.de\/de\/wp-json\/wp\/v2\/types\/page"}],"author":[{"embeddable":true,"href":"https:\/\/www.buerokrausser.de\/de\/wp-json\/wp\/v2\/users\/1"}],"replies":[{"embeddable":true,"href":"https:\/\/www.buerokrausser.de\/de\/wp-json\/wp\/v2\/comments?post=665"}],"version-history":[{"count":2,"href":"https:\/\/www.buerokrausser.de\/de\/wp-json\/wp\/v2\/pages\/665\/revisions"}],"predecessor-version":[{"id":807,"href":"https:\/\/www.buerokrausser.de\/de\/wp-json\/wp\/v2\/pages\/665\/revisions\/807"}],"wp:featuredmedia":[{"embeddable":true,"href":"https:\/\/www.buerokrausser.de\/de\/wp-json\/wp\/v2\/media\/477"}],"wp:attachment":[{"href":"https:\/\/www.buerokrausser.de\/de\/wp-json\/wp\/v2\/media?parent=665"}],"curies":[{"name":"wp","href":"https:\/\/api.w.org\/{rel}","templated":true}]}}