{"id":650,"date":"2023-02-20T13:16:36","date_gmt":"2023-02-20T13:16:36","guid":{"rendered":"https:\/\/www.buerokrausser.de\/start-up\/"},"modified":"2025-06-11T10:19:49","modified_gmt":"2025-06-11T10:19:49","slug":"start-up","status":"publish","type":"page","link":"https:\/\/www.buerokrausser.de\/de\/start-up\/","title":{"rendered":"Start-up"},"content":{"rendered":"\t\t<div data-elementor-type=\"wp-page\" data-elementor-id=\"650\" class=\"elementor elementor-650 elementor-41\" data-elementor-post-type=\"page\">\n\t\t\t\t\t\t<section class=\"elementor-section elementor-top-section elementor-element elementor-element-81e5fd5 elementor-reverse-mobile elementor-section-boxed elementor-section-height-default elementor-section-height-default\" data-id=\"81e5fd5\" data-element_type=\"section\">\n\t\t\t\t\t\t<div class=\"elementor-container elementor-column-gap-default\">\n\t\t\t\t\t<div class=\"elementor-column elementor-col-50 elementor-top-column elementor-element elementor-element-68fc0f6 animated-slow elementor-invisible\" data-id=\"68fc0f6\" data-element_type=\"column\" data-settings=\"{&quot;animation&quot;:&quot;fadeInUp&quot;}\">\n\t\t\t<div class=\"elementor-widget-wrap elementor-element-populated\">\n\t\t\t\t\t\t<div class=\"elementor-element elementor-element-fba0faa elementor-widget elementor-widget-heading\" data-id=\"fba0faa\" data-element_type=\"widget\" data-widget_type=\"heading.default\">\n\t\t\t\t<div class=\"elementor-widget-container\">\n\t\t\t\t\t<h2 class=\"elementor-heading-title elementor-size-default\">Start-up<\/h2>\t\t\t\t<\/div>\n\t\t\t\t<\/div>\n\t\t\t\t<div class=\"elementor-element elementor-element-47247af elementor-widget elementor-widget-text-editor\" data-id=\"47247af\" data-element_type=\"widget\" data-widget_type=\"text-editor.default\">\n\t\t\t\t<div class=\"elementor-widget-container\">\n\t\t\t\t\t\t\t\t\t<p><\/p>\n<p>Diglobe Consulting ist ein erfolgreiches, erfahrenes und international t\u00e4tiges Beratungsunternehmen in Deutschland.<br \/>Durch unseren Zugang zu wichtigen Informationen und unsere ausgepr\u00e4gte interkulturelle Kompetenz k\u00f6nnen wir unseren Kunden erfolgreiche Beratungsleistungen bieten.<br \/>Wir beraten und begleiten Sie entsprechend Ihrer Ziele beim Eintritt in den deutschen Markt und bei dessen Expansion.<br \/>Die Schwerpunkte unserer erfolgreichen Beratung sind:<\/p>\n<ul>\n<li>Unternehmensgr\u00fcndung<\/li>\n<li>Marktforschung<\/li>\n<li>Finanzierungsberatung<\/li>\n<li>B\u00fcrofl\u00e4chenvermietung<\/li>\n<li>Buchhaltung und Steuern<\/li>\n<li>Rechtliche Unterst\u00fctzung<\/li>\n<li>Sprachdienstleistungen<\/li>\n<\/ul>\n\t\t\t\t\t\t\t\t<\/div>\n\t\t\t\t<\/div>\n\t\t\t\t\t<\/div>\n\t\t<\/div>\n\t\t\t\t<div class=\"elementor-column elementor-col-50 elementor-top-column elementor-element elementor-element-8fa56e6 animated-slow elementor-invisible\" data-id=\"8fa56e6\" data-element_type=\"column\" data-settings=\"{&quot;background_background&quot;:&quot;classic&quot;,&quot;animation&quot;:&quot;fadeInDown&quot;}\">\n\t\t\t<div class=\"elementor-widget-wrap elementor-element-populated\">\n\t\t\t\t\t\t<div class=\"elementor-element elementor-element-1721c7b elementor-widget elementor-widget-spacer\" data-id=\"1721c7b\" data-element_type=\"widget\" data-widget_type=\"spacer.default\">\n\t\t\t\t<div class=\"elementor-widget-container\">\n\t\t\t\t\t\t\t<div class=\"elementor-spacer\">\n\t\t\t<div class=\"elementor-spacer-inner\"><\/div>\n\t\t<\/div>\n\t\t\t\t\t\t<\/div>\n\t\t\t\t<\/div>\n\t\t\t\t\t<\/div>\n\t\t<\/div>\n\t\t\t\t\t<\/div>\n\t\t<\/section>\n\t\t\t\t<\/div>\n\t\t","protected":false},"excerpt":{"rendered":"<p>Diglobe Consulting ist ein erfolgreiches, erfahrenes und international t\u00e4tiges Beratungsunternehmen in Deutschland.Durch unseren Zugang zu wichtigen Informationen und unsere ausgepr\u00e4gte interkulturelle Kompetenz k\u00f6nnen wir unseren Kunden erfolgreiche Beratungsleistungen bieten.Wir beraten und begleiten Sie entsprechend Ihrer Ziele beim Eintritt in den deutschen Markt und bei dessen Expansion.Die Schwerpunkte unserer erfolgreichen Beratung sind: Unternehmensgr\u00fcndung Marktforschung Finanzierungsberatung B\u00fcrofl\u00e4chenvermietung [&hellip;]<\/p>\n","protected":false},"author":1,"featured_media":529,"parent":0,"menu_order":0,"comment_status":"closed","ping_status":"closed","template":"","meta":{"footnotes":""},"class_list":["post-650","page","type-page","status-publish","has-post-thumbnail","hentry"],"_links":{"self":[{"href":"https:\/\/www.buerokrausser.de\/de\/wp-json\/wp\/v2\/pages\/650","targetHints":{"allow":["GET"]}}],"collection":[{"href":"https:\/\/www.buerokrausser.de\/de\/wp-json\/wp\/v2\/pages"}],"about":[{"href":"https:\/\/www.buerokrausser.de\/de\/wp-json\/wp\/v2\/types\/page"}],"author":[{"embeddable":true,"href":"https:\/\/www.buerokrausser.de\/de\/wp-json\/wp\/v2\/users\/1"}],"replies":[{"embeddable":true,"href":"https:\/\/www.buerokrausser.de\/de\/wp-json\/wp\/v2\/comments?post=650"}],"version-history":[{"count":3,"href":"https:\/\/www.buerokrausser.de\/de\/wp-json\/wp\/v2\/pages\/650\/revisions"}],"predecessor-version":[{"id":821,"href":"https:\/\/www.buerokrausser.de\/de\/wp-json\/wp\/v2\/pages\/650\/revisions\/821"}],"wp:featuredmedia":[{"embeddable":true,"href":"https:\/\/www.buerokrausser.de\/de\/wp-json\/wp\/v2\/media\/529"}],"wp:attachment":[{"href":"https:\/\/www.buerokrausser.de\/de\/wp-json\/wp\/v2\/media?parent=650"}],"curies":[{"name":"wp","href":"https:\/\/api.w.org\/{rel}","templated":true}]}}