{"id":632,"date":"2023-02-20T13:15:34","date_gmt":"2023-02-20T13:15:34","guid":{"rendered":"https:\/\/www.buerokrausser.de\/beratung-fuer-krypto-investitionen\/"},"modified":"2025-06-11T10:17:15","modified_gmt":"2025-06-11T10:17:15","slug":"beratung-fuer-krypto-investitionen","status":"publish","type":"page","link":"https:\/\/www.buerokrausser.de\/de\/beratung-fuer-krypto-investitionen\/","title":{"rendered":"Beratung f\u00fcr Krypto-Investitionen"},"content":{"rendered":"\t\t<div data-elementor-type=\"wp-page\" data-elementor-id=\"632\" class=\"elementor elementor-632 elementor-35\" data-elementor-post-type=\"page\">\n\t\t\t\t\t\t<section class=\"elementor-section elementor-top-section elementor-element elementor-element-9bad7b7 elementor-reverse-mobile elementor-section-boxed elementor-section-height-default elementor-section-height-default\" data-id=\"9bad7b7\" data-element_type=\"section\">\n\t\t\t\t\t\t<div class=\"elementor-container elementor-column-gap-default\">\n\t\t\t\t\t<div class=\"elementor-column elementor-col-50 elementor-top-column elementor-element elementor-element-695a9a4 animated-slow elementor-invisible\" data-id=\"695a9a4\" data-element_type=\"column\" data-settings=\"{&quot;animation&quot;:&quot;fadeInUp&quot;}\">\n\t\t\t<div class=\"elementor-widget-wrap elementor-element-populated\">\n\t\t\t\t\t\t<div class=\"elementor-element elementor-element-8d23884 elementor-widget elementor-widget-heading\" data-id=\"8d23884\" data-element_type=\"widget\" data-widget_type=\"heading.default\">\n\t\t\t\t<div class=\"elementor-widget-container\">\n\t\t\t\t\t<h2 class=\"elementor-heading-title elementor-size-default\">Beratung f\u00fcr Krypto-Investitionen<\/h2>\t\t\t\t<\/div>\n\t\t\t\t<\/div>\n\t\t\t\t<div class=\"elementor-element elementor-element-ebd0614 elementor-widget elementor-widget-text-editor\" data-id=\"ebd0614\" data-element_type=\"widget\" data-widget_type=\"text-editor.default\">\n\t\t\t\t<div class=\"elementor-widget-container\">\n\t\t\t\t\t\t\t\t\t<p><br \/>Wir bieten Ihnen einen transparenten und professionellen Zugang zu globalen Bitcoin-Investitionssystemen. Wir analysieren Ihre Gesch\u00e4ftsziele, setzen finanzielle Schwerpunkte und bieten hochwertige, ma\u00dfgeschneiderte Investitionsl\u00f6sungen im schnelllebigen Kryptomarkt. Zudem liefern wir aktuelle Marktdaten, um lokale Unternehmen auszubauen und in den globalen M\u00e4rkten voranzukommen.<\/p>\n<p><strong>\u00dcber die Beratung f\u00fcr Krypto-Investitionen<\/strong><\/p>\n<p>Der Finanzsektor hat sich im Laufe der Menschheitsgeschichte stark ver\u00e4ndert. Im klassischen Finanzwesen mangelt es an Vielfalt bei den Finanzierungsinstrumenten. Mit dem Fortschreiten der Zeit und dem Einzug der Technologie in die Finanzwelt ist die Zahl der Finanzinstrumente enorm gestiegen. In der heutigen digitalen Welt sind Kryptow\u00e4hrungen attraktiv geworden. W\u00e4hrend Investoren, die sich auf unsichere Informationen st\u00fctzten, Verluste erlitten, konnten andere, die auf gut ausgebildete Fachleute vertrauten, erhebliche Gewinne erzielen.<\/p>\n<p><strong>Kryptow\u00e4hrung<\/strong><\/p>\n<p>Kryptow\u00e4hrungen sind digitale Zahlungsmittel, die auf kryptografischen Technologien wie Blockchains und digitalen Signaturen basieren. Sie sollen als Zahlungssystem unabh\u00e4ngig, dezentral und sicher sein.<\/p>\n<p><strong>Bitcoin<\/strong><\/p>\n<p>Bitcoin, abgek\u00fcrzt BTC, ist eine der Kryptow\u00e4hrungen. Es steht in keiner Verbindung zu einer Zentralbank oder offiziellen Institution. Die Produktionsmenge ist begrenzt, und der Marktwert steigt je nach Angebot und Nachfrage. Bisher sind \u00fcber 80 % der maximal 21 Millionen Bitcoins im Umlauf (Stand M\u00e4rz 2019). Kryptow\u00e4hrungen werden durch Mining erzeugt.<\/p>\n\t\t\t\t\t\t\t\t<\/div>\n\t\t\t\t<\/div>\n\t\t\t\t\t<\/div>\n\t\t<\/div>\n\t\t\t\t<div class=\"elementor-column elementor-col-50 elementor-top-column elementor-element elementor-element-05f88ec animated-slow elementor-invisible\" data-id=\"05f88ec\" data-element_type=\"column\" data-settings=\"{&quot;background_background&quot;:&quot;classic&quot;,&quot;animation&quot;:&quot;fadeInDown&quot;}\">\n\t\t\t<div class=\"elementor-widget-wrap elementor-element-populated\">\n\t\t\t\t\t\t<div class=\"elementor-element elementor-element-3c7ce5a elementor-widget elementor-widget-spacer\" data-id=\"3c7ce5a\" data-element_type=\"widget\" data-widget_type=\"spacer.default\">\n\t\t\t\t<div class=\"elementor-widget-container\">\n\t\t\t\t\t\t\t<div class=\"elementor-spacer\">\n\t\t\t<div class=\"elementor-spacer-inner\"><\/div>\n\t\t<\/div>\n\t\t\t\t\t\t<\/div>\n\t\t\t\t<\/div>\n\t\t\t\t\t<\/div>\n\t\t<\/div>\n\t\t\t\t\t<\/div>\n\t\t<\/section>\n\t\t\t\t<\/div>\n\t\t","protected":false},"excerpt":{"rendered":"<p>Wir bieten Ihnen einen transparenten und professionellen Zugang zu globalen Bitcoin-Investitionssystemen. Wir analysieren Ihre Gesch\u00e4ftsziele, setzen finanzielle Schwerpunkte und bieten hochwertige, ma\u00dfgeschneiderte Investitionsl\u00f6sungen im schnelllebigen Kryptomarkt. Zudem liefern wir aktuelle Marktdaten, um lokale Unternehmen auszubauen und in den globalen M\u00e4rkten voranzukommen. \u00dcber die Beratung f\u00fcr Krypto-Investitionen Der Finanzsektor hat sich im Laufe der Menschheitsgeschichte stark [&hellip;]<\/p>\n","protected":false},"author":1,"featured_media":469,"parent":0,"menu_order":0,"comment_status":"closed","ping_status":"closed","template":"","meta":{"footnotes":""},"class_list":["post-632","page","type-page","status-publish","has-post-thumbnail","hentry"],"_links":{"self":[{"href":"https:\/\/www.buerokrausser.de\/de\/wp-json\/wp\/v2\/pages\/632","targetHints":{"allow":["GET"]}}],"collection":[{"href":"https:\/\/www.buerokrausser.de\/de\/wp-json\/wp\/v2\/pages"}],"about":[{"href":"https:\/\/www.buerokrausser.de\/de\/wp-json\/wp\/v2\/types\/page"}],"author":[{"embeddable":true,"href":"https:\/\/www.buerokrausser.de\/de\/wp-json\/wp\/v2\/users\/1"}],"replies":[{"embeddable":true,"href":"https:\/\/www.buerokrausser.de\/de\/wp-json\/wp\/v2\/comments?post=632"}],"version-history":[{"count":3,"href":"https:\/\/www.buerokrausser.de\/de\/wp-json\/wp\/v2\/pages\/632\/revisions"}],"predecessor-version":[{"id":635,"href":"https:\/\/www.buerokrausser.de\/de\/wp-json\/wp\/v2\/pages\/632\/revisions\/635"}],"wp:featuredmedia":[{"embeddable":true,"href":"https:\/\/www.buerokrausser.de\/de\/wp-json\/wp\/v2\/media\/469"}],"wp:attachment":[{"href":"https:\/\/www.buerokrausser.de\/de\/wp-json\/wp\/v2\/media?parent=632"}],"curies":[{"name":"wp","href":"https:\/\/api.w.org\/{rel}","templated":true}]}}