{"id":612,"date":"2023-02-20T13:10:04","date_gmt":"2023-02-20T13:10:04","guid":{"rendered":"https:\/\/www.buerokrausser.de\/ueber-uns\/"},"modified":"2025-11-21T08:34:15","modified_gmt":"2025-11-21T08:34:15","slug":"ueber-uns","status":"publish","type":"page","link":"https:\/\/www.buerokrausser.de\/de\/ueber-uns\/","title":{"rendered":"\u00dcber uns"},"content":{"rendered":"\t\t<div data-elementor-type=\"wp-page\" data-elementor-id=\"612\" class=\"elementor elementor-612 elementor-27\" data-elementor-post-type=\"page\">\n\t\t\t\t\t\t<section class=\"elementor-section elementor-top-section elementor-element elementor-element-ffde81b elementor-section-boxed elementor-section-height-default elementor-section-height-default\" data-id=\"ffde81b\" data-element_type=\"section\">\n\t\t\t\t\t\t<div class=\"elementor-container elementor-column-gap-default\">\n\t\t\t\t\t<div class=\"elementor-column elementor-col-33 elementor-top-column elementor-element elementor-element-4bcae49\" data-id=\"4bcae49\" data-element_type=\"column\" data-settings=\"{&quot;background_background&quot;:&quot;classic&quot;}\">\n\t\t\t<div class=\"elementor-widget-wrap elementor-element-populated\">\n\t\t\t\t\t\t<div class=\"elementor-element elementor-element-2238732 elementor-widget elementor-widget-spacer\" data-id=\"2238732\" data-element_type=\"widget\" data-widget_type=\"spacer.default\">\n\t\t\t\t<div class=\"elementor-widget-container\">\n\t\t\t\t\t\t\t<div class=\"elementor-spacer\">\n\t\t\t<div class=\"elementor-spacer-inner\"><\/div>\n\t\t<\/div>\n\t\t\t\t\t\t<\/div>\n\t\t\t\t<\/div>\n\t\t\t\t\t<\/div>\n\t\t<\/div>\n\t\t\t\t<div class=\"elementor-column elementor-col-66 elementor-top-column elementor-element elementor-element-04ee90d animated-slow elementor-invisible\" data-id=\"04ee90d\" data-element_type=\"column\" data-settings=\"{&quot;animation&quot;:&quot;fadeInRight&quot;}\">\n\t\t\t<div class=\"elementor-widget-wrap elementor-element-populated\">\n\t\t\t\t\t\t<div class=\"elementor-element elementor-element-20be7a0 elementor-widget elementor-widget-heading\" data-id=\"20be7a0\" data-element_type=\"widget\" data-widget_type=\"heading.default\">\n\t\t\t\t<div class=\"elementor-widget-container\">\n\t\t\t\t\t<h6 class=\"elementor-heading-title elementor-size-default\">Unsere Erfahrungen<\/h6>\t\t\t\t<\/div>\n\t\t\t\t<\/div>\n\t\t\t\t<div class=\"elementor-element elementor-element-ad57b31 elementor-widget elementor-widget-heading\" data-id=\"ad57b31\" data-element_type=\"widget\" data-widget_type=\"heading.default\">\n\t\t\t\t<div class=\"elementor-widget-container\">\n\t\t\t\t\t<h2 class=\"elementor-heading-title elementor-size-default\">Wir k\u00f6nnen Ihnen schnell helfen<\/h2>\t\t\t\t<\/div>\n\t\t\t\t<\/div>\n\t\t\t\t<div class=\"elementor-element elementor-element-cffd488 elementor-widget elementor-widget-text-editor\" data-id=\"cffd488\" data-element_type=\"widget\" data-widget_type=\"text-editor.default\">\n\t\t\t\t<div class=\"elementor-widget-container\">\n\t\t\t\t\t\t\t\t\t<p>Mit jahrelanger Erfahrung bieten wir Beratungsdienste an und begleiten Unternehmen bei der Planung und Umsetzung b\u00fcrokratischer Prozesse im laufenden Betrieb.<\/p>\n\t\t\t\t\t\t\t\t<\/div>\n\t\t\t\t<\/div>\n\t\t\t\t<div class=\"elementor-element elementor-element-d5f8936 elementor-widget elementor-widget-progress\" data-id=\"d5f8936\" data-element_type=\"widget\" data-widget_type=\"progress.default\">\n\t\t\t\t<div class=\"elementor-widget-container\">\n\t\t\t\t\t\t\t\t<span class=\"elementor-title\" id=\"elementor-progress-bar-d5f8936\">\n\t\t\t\tKrypto-Beratung\t\t\t<\/span>\n\t\t\n\t\t<div aria-labelledby=\"elementor-progress-bar-d5f8936\" class=\"elementor-progress-wrapper\" role=\"progressbar\" aria-valuemin=\"0\" aria-valuemax=\"100\" aria-valuenow=\"97\">\n\t\t\t<div class=\"elementor-progress-bar\" data-max=\"97\">\n\t\t\t\t<span class=\"elementor-progress-text\"><\/span>\n\t\t\t\t\t\t\t<\/div>\n\t\t<\/div>\n\t\t\t\t\t\t<\/div>\n\t\t\t\t<\/div>\n\t\t\t\t<div class=\"elementor-element elementor-element-8cd3ad2 elementor-widget elementor-widget-progress\" data-id=\"8cd3ad2\" data-element_type=\"widget\" data-widget_type=\"progress.default\">\n\t\t\t\t<div class=\"elementor-widget-container\">\n\t\t\t\t\t\t\t\t<span class=\"elementor-title\" id=\"elementor-progress-bar-8cd3ad2\">\n\t\t\t\tDigitale Marketingstrategie-Prozesse\t\t\t<\/span>\n\t\t\n\t\t<div aria-labelledby=\"elementor-progress-bar-8cd3ad2\" class=\"elementor-progress-wrapper progress-success\" role=\"progressbar\" aria-valuemin=\"0\" aria-valuemax=\"100\" aria-valuenow=\"95\">\n\t\t\t<div class=\"elementor-progress-bar\" data-max=\"95\">\n\t\t\t\t<span class=\"elementor-progress-text\"><\/span>\n\t\t\t\t\t\t\t<\/div>\n\t\t<\/div>\n\t\t\t\t\t\t<\/div>\n\t\t\t\t<\/div>\n\t\t\t\t<div class=\"elementor-element elementor-element-70c7385 elementor-widget elementor-widget-progress\" data-id=\"70c7385\" data-element_type=\"widget\" data-widget_type=\"progress.default\">\n\t\t\t\t<div class=\"elementor-widget-container\">\n\t\t\t\t\t\t\t\t<span class=\"elementor-title\" id=\"elementor-progress-bar-70c7385\">\n\t\t\t\tVereidigte \u00dcbersetzung und Beratung zu b\u00fcrokratischen Prozessen\t\t\t<\/span>\n\t\t\n\t\t<div aria-labelledby=\"elementor-progress-bar-70c7385\" class=\"elementor-progress-wrapper\" role=\"progressbar\" aria-valuemin=\"0\" aria-valuemax=\"100\" aria-valuenow=\"99\">\n\t\t\t<div class=\"elementor-progress-bar\" data-max=\"99\">\n\t\t\t\t<span class=\"elementor-progress-text\"><\/span>\n\t\t\t\t\t\t\t<\/div>\n\t\t<\/div>\n\t\t\t\t\t\t<\/div>\n\t\t\t\t<\/div>\n\t\t\t\t<div class=\"elementor-element elementor-element-6046873 elementor-widget__width-initial elementor-absolute elementor-widget-mobile__width-initial elementor-hidden-tablet elementor-hidden-mobile elementor-widget elementor-widget-image\" data-id=\"6046873\" data-element_type=\"widget\" data-settings=\"{&quot;_position&quot;:&quot;absolute&quot;}\" data-widget_type=\"image.default\">\n\t\t\t\t<div class=\"elementor-widget-container\">\n\t\t\t\t\t\t\t\t\t\t\t\t\t\t\t<img decoding=\"async\" width=\"241\" height=\"137\" src=\"https:\/\/www.buerokrausser.de\/wp-content\/uploads\/2023\/02\/circleElements.png\" class=\"attachment-large size-large wp-image-405\" alt=\"\" \/>\t\t\t\t\t\t\t\t\t\t\t\t\t\t\t<\/div>\n\t\t\t\t<\/div>\n\t\t\t\t\t<\/div>\n\t\t<\/div>\n\t\t\t\t\t<\/div>\n\t\t<\/section>\n\t\t\t\t<section class=\"elementor-section elementor-top-section elementor-element elementor-element-2468df6 elementor-section-boxed elementor-section-height-default elementor-section-height-default\" data-id=\"2468df6\" data-element_type=\"section\">\n\t\t\t\t\t\t<div class=\"elementor-container elementor-column-gap-default\">\n\t\t\t\t\t<div class=\"elementor-column elementor-col-100 elementor-top-column elementor-element elementor-element-513654b animated-slow elementor-invisible\" data-id=\"513654b\" data-element_type=\"column\" data-settings=\"{&quot;animation&quot;:&quot;fadeInRight&quot;}\">\n\t\t\t<div class=\"elementor-widget-wrap elementor-element-populated\">\n\t\t\t\t\t\t<div class=\"elementor-element elementor-element-2410310 elementor-widget elementor-widget-heading\" data-id=\"2410310\" data-element_type=\"widget\" data-widget_type=\"heading.default\">\n\t\t\t\t<div class=\"elementor-widget-container\">\n\t\t\t\t\t<h6 class=\"elementor-heading-title elementor-size-default\">\u00dcber uns<\/h6>\t\t\t\t<\/div>\n\t\t\t\t<\/div>\n\t\t\t\t<div class=\"elementor-element elementor-element-44541a6 elementor-widget elementor-widget-heading\" data-id=\"44541a6\" data-element_type=\"widget\" data-widget_type=\"heading.default\">\n\t\t\t\t<div class=\"elementor-widget-container\">\n\t\t\t\t\t<h2 class=\"elementor-heading-title elementor-size-default\">Tanya Krau\u00dfer<\/h2>\t\t\t\t<\/div>\n\t\t\t\t<\/div>\n\t\t\t\t<div class=\"elementor-element elementor-element-09f83cd elementor-widget elementor-widget-text-editor\" data-id=\"09f83cd\" data-element_type=\"widget\" data-widget_type=\"text-editor.default\">\n\t\t\t\t<div class=\"elementor-widget-container\">\n\t\t\t\t\t\t\t\t\t<p>Tanya Krau\u00dfer hat 24 Jahre lang beruflich in verschiedenen Branchen in Deutschland gearbeitet.<br \/>Sie ist auf Blockchain spezialisiert und bietet professionelle Beratung im Finanzbereich an, indem sie ihre Kunden bei der globalen Verwaltung ihrer Kryptow\u00e4hrungsinvestitionen unterst\u00fctzt.<br \/>Zudem ist Tanya vereidigte Deutsch-T\u00fcrkisch-\u00dcbersetzerin und ber\u00e4t Unternehmen bei gesch\u00e4ftlichen und b\u00fcrokratischen Abl\u00e4ufen auf internationaler Ebene.<\/p>\n<div id=\"mttContainer\" class=\"notranslate\" style=\"transform: translate(167px, 98px);\" aria-expanded=\"false\"><\/div>\n\t\t\t\t\t\t\t\t<\/div>\n\t\t\t\t<\/div>\n\t\t\t\t\t<\/div>\n\t\t<\/div>\n\t\t\t\t\t<\/div>\n\t\t<\/section>\n\t\t\t\t<\/div>\n\t\t","protected":false},"excerpt":{"rendered":"<p>Unsere Erfahrungen Wir k\u00f6nnen Ihnen schnell helfen Mit jahrelanger Erfahrung bieten wir Beratungsdienste an und begleiten Unternehmen bei der Planung und Umsetzung b\u00fcrokratischer Prozesse im laufenden Betrieb. Krypto-Beratung Digitale Marketingstrategie-Prozesse Vereidigte \u00dcbersetzung und Beratung zu b\u00fcrokratischen Prozessen \u00dcber uns Tanya Krau\u00dfer Tanya Krau\u00dfer hat 24 Jahre lang beruflich in verschiedenen Branchen in Deutschland gearbeitet.Sie ist [&hellip;]<\/p>\n","protected":false},"author":1,"featured_media":0,"parent":0,"menu_order":0,"comment_status":"closed","ping_status":"closed","template":"","meta":{"footnotes":""},"class_list":["post-612","page","type-page","status-publish","hentry"],"_links":{"self":[{"href":"https:\/\/www.buerokrausser.de\/de\/wp-json\/wp\/v2\/pages\/612","targetHints":{"allow":["GET"]}}],"collection":[{"href":"https:\/\/www.buerokrausser.de\/de\/wp-json\/wp\/v2\/pages"}],"about":[{"href":"https:\/\/www.buerokrausser.de\/de\/wp-json\/wp\/v2\/types\/page"}],"author":[{"embeddable":true,"href":"https:\/\/www.buerokrausser.de\/de\/wp-json\/wp\/v2\/users\/1"}],"replies":[{"embeddable":true,"href":"https:\/\/www.buerokrausser.de\/de\/wp-json\/wp\/v2\/comments?post=612"}],"version-history":[{"count":3,"href":"https:\/\/www.buerokrausser.de\/de\/wp-json\/wp\/v2\/pages\/612\/revisions"}],"predecessor-version":[{"id":935,"href":"https:\/\/www.buerokrausser.de\/de\/wp-json\/wp\/v2\/pages\/612\/revisions\/935"}],"wp:attachment":[{"href":"https:\/\/www.buerokrausser.de\/de\/wp-json\/wp\/v2\/media?parent=612"}],"curies":[{"name":"wp","href":"https:\/\/api.w.org\/{rel}","templated":true}]}}