{"id":604,"date":"2025-05-16T10:03:37","date_gmt":"2025-05-16T10:03:37","guid":{"rendered":"https:\/\/www.buerokrausser.de\/datenschutzrichtlinie\/"},"modified":"2025-06-11T06:53:30","modified_gmt":"2025-06-11T06:53:30","slug":"datenschutzrichtlinie","status":"publish","type":"page","link":"https:\/\/www.buerokrausser.de\/de\/datenschutzrichtlinie\/","title":{"rendered":"Datenschutzrichtlinie"},"content":{"rendered":"\t\t<div data-elementor-type=\"wp-page\" data-elementor-id=\"604\" class=\"elementor elementor-604 elementor-370\" data-elementor-post-type=\"page\">\n\t\t\t\t\t\t<section class=\"elementor-section elementor-top-section elementor-element elementor-element-5ea9d2a elementor-reverse-mobile elementor-section-boxed elementor-section-height-default elementor-section-height-default\" data-id=\"5ea9d2a\" data-element_type=\"section\">\n\t\t\t\t\t\t<div class=\"elementor-container elementor-column-gap-default\">\n\t\t\t\t\t<div class=\"elementor-column elementor-col-100 elementor-top-column elementor-element elementor-element-2807ad9 elementor-invisible\" data-id=\"2807ad9\" data-element_type=\"column\" data-settings=\"{&quot;animation&quot;:&quot;fadeIn&quot;,&quot;animation_delay&quot;:100}\">\n\t\t\t<div class=\"elementor-widget-wrap elementor-element-populated\">\n\t\t\t\t\t\t<div class=\"elementor-element elementor-element-1ddd359 elementor-widget elementor-widget-text-editor\" data-id=\"1ddd359\" data-element_type=\"widget\" data-widget_type=\"text-editor.default\">\n\t\t\t\t<div class=\"elementor-widget-container\">\n\t\t\t\t\t\t\t\t\t<p><strong>DATENSCHUTZRICHTLINIE<\/strong><br \/><strong>Letzte Aktualisierung:<\/strong> 16.05.2025<\/p>\n<p>Bei Buero Krausser ist der Schutz Ihrer personenbezogenen Daten f\u00fcr uns wichtig. Diese Datenschutzerkl\u00e4rung erl\u00e4utert, welche personenbezogenen Daten beim Besuch unserer Website <span style=\"color: #000000;\">(<a style=\"color: #000000;\" href=\"http:\/\/www.buerokrausser.de\" target=\"_new\" rel=\"noopener\">www.buerokrausser.de<\/a>)<\/span> oder bei der Nutzung unserer Dienste erhoben werden, wie diese verwendet werden und welche Rechte Sie haben.<\/p>\n<p><strong>1. Verantwortliche Stelle<\/strong><br \/>Buero Krausser<br \/>Grindelberg 33<br \/>20144 Hamburg<br \/>Deutschland<br \/>Postadresse: Postfach 130582<br \/>20105 Hamburg<br \/>Deutschland<br \/>Telefon: +49 156 78344329<br \/>E-Mail: <a class=\"cursor-pointer\" rel=\"noopener\">info@buerokrausser.de<\/a><\/p>\n<p><strong>2. Welche Daten erfassen wir?<\/strong><\/p>\n<ul>\n<li>\n<p>Ihren vollst\u00e4ndigen Namen, E-Mail-Adresse, Telefonnummer<\/p>\n<\/li>\n<li>\n<p>Firmenname und Rechnungsinformationen<\/p>\n<\/li>\n<li>\n<p>IP-Adresse und Browserdaten w\u00e4hrend der Nutzung der Website<\/p>\n<\/li>\n<li>\n<p>Freiwillig \u00fcbermittelte Informationen<\/p>\n<\/li>\n<li>\n<p>Dokumente und Inhalte zur Dienstleistungserbringung<\/p>\n<\/li>\n<\/ul>\n<p><strong>3. Zwecke der Datenerhebung<\/strong><\/p>\n<ul>\n<li>\n<p>Beantwortung Ihrer Anfragen und Erbringung von Beratungsleistungen<\/p>\n<\/li>\n<li>\n<p>Abwicklung bestehender Vertr\u00e4ge<\/p>\n<\/li>\n<li>\n<p>Kundenbetreuung und Information<\/p>\n<\/li>\n<li>\n<p>Sicherung des Systems und Einhaltung gesetzlicher Vorschriften<\/p>\n<\/li>\n<li>\n<p>Qualit\u00e4tsverbesserung der Dienstleistungen<\/p>\n<\/li>\n<\/ul>\n<p><strong>4. Datenweitergabe<\/strong><br \/>Ihre personenbezogenen Daten werden nur in folgenden F\u00e4llen an Dritte weitergegeben:<\/p>\n<ul>\n<li>\n<p>Zur Erf\u00fcllung gesetzlicher Verpflichtungen<\/p>\n<\/li>\n<li>\n<p>An unsere Dienstleister (z.B. Hosting-Services), soweit erforderlich<\/p>\n<\/li>\n<li>\n<p>Auf Anfrage von zust\u00e4ndigen Beh\u00f6rden<\/p>\n<\/li>\n<\/ul>\n<p><strong>5. Cookies<\/strong><br \/>Auf unserer Website werden Cookies zur Verbesserung der Benutzererfahrung und zur Analyse verwendet. Sie k\u00f6nnen Cookies \u00fcber Ihre Browsereinstellungen deaktivieren.<\/p>\n<p><strong>6. Speicherdauer der Daten<\/strong><br \/>Ihre personenbezogenen Daten werden nur so lange gespeichert, wie dies erforderlich ist. Danach werden die Daten gesetzeskonform gel\u00f6scht oder anonymisiert.<\/p>\n<p><strong>7. Ihre Rechte<\/strong><br \/>Nach der Datenschutz-Grundverordnung (DSGVO) der EU haben Sie folgende Rechte:<\/p>\n<ul>\n<li>\n<p>Zugriff auf Ihre Daten verlangen<\/p>\n<\/li>\n<li>\n<p>Berichtigung unrichtiger oder unvollst\u00e4ndiger Daten verlangen<\/p>\n<\/li>\n<li>\n<p>L\u00f6schung Ihrer Daten verlangen (Recht auf Vergessenwerden)<\/p>\n<\/li>\n<li>\n<p>Einschr\u00e4nkung oder Beendigung der Datenverarbeitung verlangen<\/p>\n<\/li>\n<li>\n<p>\u00dcbertragung Ihrer Daten verlangen<\/p>\n<\/li>\n<li>\n<p>Beschwerde bei der zust\u00e4ndigen Datenschutzbeh\u00f6rde einlegen<\/p>\n<\/li>\n<\/ul>\n<p><strong>8. \u00c4nderungen<\/strong><br \/>Diese Datenschutzerkl\u00e4rung kann gelegentlich aktualisiert werden. Die jeweils aktuelle Version wird stets auf unserer Website ver\u00f6ffentlicht.<\/p>\n<p><strong>9. Kontakt<\/strong><br \/>Bei Fragen zu unserer Datenschutzrichtlinie oder zum Datenschutz wenden Sie sich bitte an uns:<\/p>\n<p>Telefon: +49 156 78344329<br \/>E-Mail: <a class=\"cursor-pointer\" rel=\"noopener\">info@buerokrausser.de<\/a><br \/>Postadresse: Postfach 130582, 20105 Hamburg, Deutschland<\/p>\n\t\t\t\t\t\t\t\t<\/div>\n\t\t\t\t<\/div>\n\t\t\t\t\t<\/div>\n\t\t<\/div>\n\t\t\t\t\t<\/div>\n\t\t<\/section>\n\t\t\t\t<\/div>\n\t\t","protected":false},"excerpt":{"rendered":"<p>DATENSCHUTZRICHTLINIELetzte Aktualisierung: 16.05.2025 Bei Buero Krausser ist der Schutz Ihrer personenbezogenen Daten f\u00fcr uns wichtig. Diese Datenschutzerkl\u00e4rung erl\u00e4utert, welche personenbezogenen Daten beim Besuch unserer Website (www.buerokrausser.de) oder bei der Nutzung unserer Dienste erhoben werden, wie diese verwendet werden und welche Rechte Sie haben. 1. Verantwortliche StelleBuero KrausserGrindelberg 3320144 HamburgDeutschlandPostadresse: Postfach 13058220105 HamburgDeutschlandTelefon: +49 156 78344329E-Mail: [&hellip;]<\/p>\n","protected":false},"author":1,"featured_media":0,"parent":0,"menu_order":0,"comment_status":"closed","ping_status":"closed","template":"","meta":{"footnotes":""},"class_list":["post-604","page","type-page","status-publish","hentry"],"_links":{"self":[{"href":"https:\/\/www.buerokrausser.de\/de\/wp-json\/wp\/v2\/pages\/604","targetHints":{"allow":["GET"]}}],"collection":[{"href":"https:\/\/www.buerokrausser.de\/de\/wp-json\/wp\/v2\/pages"}],"about":[{"href":"https:\/\/www.buerokrausser.de\/de\/wp-json\/wp\/v2\/types\/page"}],"author":[{"embeddable":true,"href":"https:\/\/www.buerokrausser.de\/de\/wp-json\/wp\/v2\/users\/1"}],"replies":[{"embeddable":true,"href":"https:\/\/www.buerokrausser.de\/de\/wp-json\/wp\/v2\/comments?post=604"}],"version-history":[{"count":1,"href":"https:\/\/www.buerokrausser.de\/de\/wp-json\/wp\/v2\/pages\/604\/revisions"}],"predecessor-version":[{"id":605,"href":"https:\/\/www.buerokrausser.de\/de\/wp-json\/wp\/v2\/pages\/604\/revisions\/605"}],"wp:attachment":[{"href":"https:\/\/www.buerokrausser.de\/de\/wp-json\/wp\/v2\/media?parent=604"}],"curies":[{"name":"wp","href":"https:\/\/api.w.org\/{rel}","templated":true}]}}