{"id":592,"date":"2023-02-20T13:15:53","date_gmt":"2023-02-20T13:15:53","guid":{"rendered":"https:\/\/www.buerokrausser.de\/digitale-marketingstrategie-dienstleistungen\/"},"modified":"2025-06-11T10:19:13","modified_gmt":"2025-06-11T10:19:13","slug":"digitale-marketingstrategie-dienstleistungen","status":"publish","type":"page","link":"https:\/\/www.buerokrausser.de\/de\/digitale-marketingstrategie-dienstleistungen\/","title":{"rendered":"Digitale Marketingstrategie-Dienstleistungen"},"content":{"rendered":"\t\t<div data-elementor-type=\"wp-page\" data-elementor-id=\"592\" class=\"elementor elementor-592 elementor-37\" data-elementor-post-type=\"page\">\n\t\t\t\t\t\t<section class=\"elementor-section elementor-top-section elementor-element elementor-element-0e7df63 elementor-reverse-mobile elementor-section-boxed elementor-section-height-default elementor-section-height-default\" data-id=\"0e7df63\" data-element_type=\"section\">\n\t\t\t\t\t\t<div class=\"elementor-container elementor-column-gap-default\">\n\t\t\t\t\t<div class=\"elementor-column elementor-col-50 elementor-top-column elementor-element elementor-element-45a0a93 animated-slow elementor-invisible\" data-id=\"45a0a93\" data-element_type=\"column\" data-settings=\"{&quot;animation&quot;:&quot;fadeInUp&quot;}\">\n\t\t\t<div class=\"elementor-widget-wrap elementor-element-populated\">\n\t\t\t\t\t\t<div class=\"elementor-element elementor-element-0fee5eb elementor-widget elementor-widget-heading\" data-id=\"0fee5eb\" data-element_type=\"widget\" data-widget_type=\"heading.default\">\n\t\t\t\t<div class=\"elementor-widget-container\">\n\t\t\t\t\t<h2 class=\"elementor-heading-title elementor-size-default\">Digitale Marketingstrategie-Dienstleistungen<\/h2>\t\t\t\t<\/div>\n\t\t\t\t<\/div>\n\t\t\t\t<div class=\"elementor-element elementor-element-437b2ab elementor-widget elementor-widget-text-editor\" data-id=\"437b2ab\" data-element_type=\"widget\" data-widget_type=\"text-editor.default\">\n\t\t\t\t<div class=\"elementor-widget-container\">\n\t\t\t\t\t\t\t\t\t<p>Wir bieten professionelle Marketingdienstleistungen an, um Ihre Gesch\u00e4ftsziele digital auf f\u00fchrenden Plattformen wie Google, Facebook, Instagram und LinkedIn zu entwickeln.<\/p>\n<p>Wir passen digitale Marketingstrategiepl\u00e4ne individuell an Ihre Ziele an.<\/p>\n<p>Sie m\u00f6chten digitales Marketing betreiben, sind sich aber nicht sicher, ob Ihre aktuellen digitalen Anzeigen geeignet sind, Ihre Ziele zu erreichen. Die Dienstleistungen, die wir Ihnen anbieten k\u00f6nnen:<\/p>\n<ul>\n<li>Verst\u00e4ndnis Ihrer Gesch\u00e4ftsziele und Herausforderungen sowie Festlegung messbarer Ziele<\/li>\n<li>Marktanalyse und Verst\u00e4ndnis der Bed\u00fcrfnisse von Wettbewerbern und Kunden<\/li>\n<li>Erstellung und regelm\u00e4\u00dfige \u00dcberwachung einer geeigneten digitalen Marketingstrategie auf Online-Plattformen<\/li>\n<\/ul>\n\t\t\t\t\t\t\t\t<\/div>\n\t\t\t\t<\/div>\n\t\t\t\t\t<\/div>\n\t\t<\/div>\n\t\t\t\t<div class=\"elementor-column elementor-col-50 elementor-top-column elementor-element elementor-element-6067c45 animated-slow elementor-invisible\" data-id=\"6067c45\" data-element_type=\"column\" data-settings=\"{&quot;background_background&quot;:&quot;classic&quot;,&quot;animation&quot;:&quot;fadeInDown&quot;}\">\n\t\t\t<div class=\"elementor-widget-wrap elementor-element-populated\">\n\t\t\t\t\t\t<div class=\"elementor-element elementor-element-a8999b1 elementor-widget elementor-widget-spacer\" data-id=\"a8999b1\" data-element_type=\"widget\" data-widget_type=\"spacer.default\">\n\t\t\t\t<div class=\"elementor-widget-container\">\n\t\t\t\t\t\t\t<div class=\"elementor-spacer\">\n\t\t\t<div class=\"elementor-spacer-inner\"><\/div>\n\t\t<\/div>\n\t\t\t\t\t\t<\/div>\n\t\t\t\t<\/div>\n\t\t\t\t\t<\/div>\n\t\t<\/div>\n\t\t\t\t\t<\/div>\n\t\t<\/section>\n\t\t\t\t<\/div>\n\t\t","protected":false},"excerpt":{"rendered":"<p>Wir bieten professionelle Marketingdienstleistungen an, um Ihre Gesch\u00e4ftsziele digital auf f\u00fchrenden Plattformen wie Google, Facebook, Instagram und LinkedIn zu entwickeln. Wir passen digitale Marketingstrategiepl\u00e4ne individuell an Ihre Ziele an. Sie m\u00f6chten digitales Marketing betreiben, sind sich aber nicht sicher, ob Ihre aktuellen digitalen Anzeigen geeignet sind, Ihre Ziele zu erreichen. Die Dienstleistungen, die wir Ihnen [&hellip;]<\/p>\n","protected":false},"author":1,"featured_media":465,"parent":0,"menu_order":0,"comment_status":"closed","ping_status":"closed","template":"","meta":{"footnotes":""},"class_list":["post-592","page","type-page","status-publish","has-post-thumbnail","hentry"],"_links":{"self":[{"href":"https:\/\/www.buerokrausser.de\/de\/wp-json\/wp\/v2\/pages\/592","targetHints":{"allow":["GET"]}}],"collection":[{"href":"https:\/\/www.buerokrausser.de\/de\/wp-json\/wp\/v2\/pages"}],"about":[{"href":"https:\/\/www.buerokrausser.de\/de\/wp-json\/wp\/v2\/types\/page"}],"author":[{"embeddable":true,"href":"https:\/\/www.buerokrausser.de\/de\/wp-json\/wp\/v2\/users\/1"}],"replies":[{"embeddable":true,"href":"https:\/\/www.buerokrausser.de\/de\/wp-json\/wp\/v2\/comments?post=592"}],"version-history":[{"count":2,"href":"https:\/\/www.buerokrausser.de\/de\/wp-json\/wp\/v2\/pages\/592\/revisions"}],"predecessor-version":[{"id":814,"href":"https:\/\/www.buerokrausser.de\/de\/wp-json\/wp\/v2\/pages\/592\/revisions\/814"}],"wp:featuredmedia":[{"embeddable":true,"href":"https:\/\/www.buerokrausser.de\/de\/wp-json\/wp\/v2\/media\/465"}],"wp:attachment":[{"href":"https:\/\/www.buerokrausser.de\/de\/wp-json\/wp\/v2\/media?parent=592"}],"curies":[{"name":"wp","href":"https:\/\/api.w.org\/{rel}","templated":true}]}}